{"id":11,"date":"2014-01-21T09:33:29","date_gmt":"2014-01-21T08:33:29","guid":{"rendered":"http:\/\/www.zahnarztpraxisayaydin.de\/tr\/?page_id=11"},"modified":"2026-01-14T13:49:04","modified_gmt":"2026-01-14T12:49:04","slug":"takim","status":"publish","type":"page","link":"https:\/\/www.zahnarztpraxisayaydin.de\/tr\/takim\/","title":{"rendered":"Takim"},"content":{"rendered":"<div class=\"person\">\n<h2>Di\u015f hekimi Meral Ayaydin<\/h2>\n<p>\t<a title=\"Zahnarztpraxis Ayaydin - Ihr kompetenter Zahnarzt in Solingen\" href=\"http:\/\/www.zahnarztpraxisayaydin.de\/tr\/wp-content\/uploads\/zahnarzt-team-3.jpg\" data-lightbox=\"img136_719495950\" rel=\"lightbox[11]\"><img decoding=\"async\" class=\"alignright pull-right pull-right size-thumbnail wp-image-136\" title=\"Zahn\u00e4rztin Ayaydin - Zahnarztpraxis Ayaydin - Ihr kompetenter Zahnarzt in Solingen\" src=\"http:\/\/www.zahnarztpraxisayaydin.de\/tr\/wp-content\/uploads\/zahnarzt-team-3-150x150.jpg\" alt=\"Zahn\u00e4rztin Ayaydin Solingen\" width=\"150\"\n\t\t\theight=\"150\" \/><\/a><\/p>\n<ul>\n<li>D\u00fcsseldorf Heinrich-Heine \u00dcniversitesinde di\u015f hekimli\u011fi \u00f6\u011frenimi<\/li>\n<li>Resmi izin 2007<\/li>\n<li>2008 \u2013 2010 Solingen&#8217;de stajyer doktor<\/li>\n<li>2010 -2013 Solingen&#8217;de kadrolu doktor<\/li>\n<li>Ekim 2013 tarihinden beri \u00f6zel muayenehane sahibi<\/li>\n<\/ul>\n<p style=\"text-decoration: underline;\">\u0130leri e\u011fitimler:<\/p>\n<ol>\n<li>Geriatrik di\u015f hekimli\u011fi m\u00fcfredat\u0131 \u2013 D\u00fcsseldorf di\u015f hekimleri odas\u0131<\/li>\n<li>Sertifikal\u0131 nitr\u00f6z oksit sedasyonu<\/li>\n<li>Parodontoloji, estetik di\u015f hekimli\u011fi, \u00e7ocuk di\u015f hekimli\u011fi, hijyen y\u00f6netimi alan\u0131nda ileri e\u011fitim<\/li>\n<\/ol>\n<p style=\"text-decoration: underline;\">\u00dcyelikler:<\/p>\n<ul>\n<li>FVDZ Freier Verband Deutscher Zahn\u00e4rzte<\/li>\n<li>DZV Deutscher Zahn\u00e4rzteverband e. V.<\/li>\n<li>BZ\u00c4V Bergischer Zahn\u00e4rzteverband<\/li>\n<\/ul>\n<\/div>\n<div class=\"person\">\n\t<a title=\"Zahnarztpraxis Ayaydin - Ihr kompetenter Zahnarzt in Solingen\" href=\"http:\/\/www.zahnarztpraxisayaydin.de\/tr\/wp-content\/uploads\/zahnarzt-team-1.jpg\" data-lightbox=\"img138_61129268\" rel=\"lightbox[11]\"><\/a><br \/>\n\t<strong>Demiraslan-\u00d6zkaya, Dilek<\/strong><\/p>\n<ul>\n<li>Curriculum Parodontologie<\/li>\n<li>DVT<\/li>\n<\/ul>\n<\/div>\n<div class=\"person\"><a title=\"Zahnarztpraxis Ayaydin - Ihr kompetenter Zahnarzt in Solingen\" href=\"http:\/\/www.zahnarztpraxisayaydin.de\/tr\/wp-content\/uploads\/zahnarzt-team-2.jpg\" data-lightbox=\"img137_488235097\" rel=\"lightbox[11]\"><img loading=\"lazy\" decoding=\"async\" class=\"alignright pull-right pull-right size-thumbnail wp-image-137\" title=\"Team Zahnarztpraxis Ayaydin - Zahnarztpraxis Ayaydin - Ihr kompetenter Zahnarzt in Solingen\" src=\"http:\/\/www.zahnarztpraxisayaydin.de\/tr\/wp-content\/uploads\/zahnarzt-team-2-150x150.jpg\"\n\t\t\talt=\"Team Zahnarztpraxis in Solingen\" width=\"150\" height=\"150\" \/><\/a><br \/>\n\t<strong>Sabine Kljuvic<\/strong><\/p>\n<ul>\n<li>ZMF (Di\u015f hekimli\u011fi uzman personeli)<\/li>\n<li>Profilaksi<\/li>\n<li>Hekim asistanl\u0131\u011f\u0131<\/li>\n<li>R\u00f6ntgen g\u00f6revlisi<\/li>\n<\/ul>\n<\/div>\n<div class=\"person\">\n\t<a href=\"https:\/\/www.zahnarztpraxisayaydin.de\/tr\/wp-content\/uploads\/denise-gueldenring-zahnarzt-solingen-ayaydin.jpg\" rel=\"lightbox[11]\"><img loading=\"lazy\" decoding=\"async\" class=\"pull-right alignright pull-right wp-image-199 size-thumbnail\" title=\"Team der Zahnarztpraxis in Solingen - Zahnarztpraxis Ayaydin - Ihr kompetenter Zahnarzt in Solingen\" src=\"https:\/\/www.zahnarztpraxisayaydin.de\/tr\/wp-content\/uploads\/denise-gueldenring-zahnarzt-solingen-ayaydin-150x150.jpg\" alt=\"\" width=\"150\" height=\"150\" \/><\/a><br \/>\n\t<strong>Denise G\u00fcldenring<\/strong><\/p>\n<ul>\n<li>ZMF (Di\u015f hekimli\u011fi uzman personeli)<\/li>\n<li>Hekim asistanl\u0131\u011f\u0131<\/li>\n<\/ul>\n<\/div>\n<div class=\"person\"><a title=\"Zahnarztpraxis Ayaydin - Ihr kompetenter Zahnarzt in Solingen\" href=\"http:\/\/www.zahnarztpraxisayaydin.de\/tr\/wp-content\/uploads\/secil-ilhan.jpg\" data-lightbox=\"img214_635976020\" rel=\"lightbox[11]\"><img loading=\"lazy\" decoding=\"async\" class=\"alignright pull-right pull-right size-thumbnail wp-image-214\" title=\"Secil-Ilhan - Zahnarztpraxis Ayaydin - Ihr kompetenter Zahnarzt in Solingen\" src=\"http:\/\/www.zahnarztpraxisayaydin.de\/tr\/wp-content\/uploads\/secil-ilhan-150x150.jpg\" alt=\"Secil-Ilhan\" width=\"150\" height=\"150\" \/><\/a><br \/>\n\t<strong>Secil Ilhan<\/strong><\/p>\n<ul>\n<li>ZMF (Di\u015f hekimli\u011fi uzman personeli)<\/li>\n<li>Hekim asistanl\u0131\u011f\u0131<\/li>\n<\/ul>\n<\/div>\n<div class=\"person\">\n\t<a title=\"Zahnarztpraxis Ayaydin - Ihr kompetenter Zahnarzt in Solingen\" href=\"http:\/\/www.zahnarztpraxisayaydin.de\/tr\/wp-content\/uploads\/zahnarzt-team.jpg\" data-lightbox=\"img139_724813457\" rel=\"lightbox[11]\"><img decoding=\"async\" class=\"alignright pull-right pull-right size-thumbnail wp-image-139\" title=\"Team der Zahnarztpraxis - Zahnarztpraxis Ayaydin - Ihr kompetenter Zahnarzt in Solingen\" src=\"http:\/\/www.zahnarztpraxisayaydin.de\/tr\/wp-content\/uploads\/zahnarzt-team-150x150.jpg\" alt=\"Team der Zahnarztpraxis\" width=\"150\"\n\t\t\theight=\"150\" \/><\/a><br \/>\n\t<strong>Gudrun Strohm<\/strong><\/p>\n<ul>\n<li>Resepsiyon<\/li>\n<li>Muhasebe<\/li>\n<li>\u0130dare<\/li>\n<li>Kalite y\u00f6netimi g\u00f6revlisi<\/li>\n<\/ul>\n<\/div>\n<div class=\"person\"><strong>Merve \u00d6zcan \u2013 Kursiyer<\/strong><\/div>","protected":false},"excerpt":{"rendered":"<p>Di\u015f hekimi Meral Ayaydin D\u00fcsseldorf Heinrich-Heine \u00dcniversitesinde di\u015f hekimli\u011fi \u00f6\u011frenimi Resmi izin 2007 2008 \u2013 2010 Solingen&#8217;de stajyer doktor 2010 -2013 Solingen&#8217;de kadrolu doktor Ekim 2013 tarihinden beri \u00f6zel muayenehane sahibi \u0130leri e\u011fitimler: Geriatrik di\u015f hekimli\u011fi m\u00fcfredat\u0131 \u2013 D\u00fcsseldorf di\u015f hekimleri odas\u0131 Sertifikal\u0131 nitr\u00f6z oksit sedasyonu Parodontoloji, estetik di\u015f hekimli\u011fi, \u00e7ocuk di\u015f hekimli\u011fi, hijyen y\u00f6netimi [&hellip;]<\/p>\n","protected":false},"author":1,"featured_media":0,"parent":0,"menu_order":30,"comment_status":"open","ping_status":"closed","template":"","meta":{"footnotes":""},"class_list":["post-11","page","type-page","status-publish","hentry"],"_links":{"self":[{"href":"https:\/\/www.zahnarztpraxisayaydin.de\/tr\/wp-json\/wp\/v2\/pages\/11","targetHints":{"allow":["GET"]}}],"collection":[{"href":"https:\/\/www.zahnarztpraxisayaydin.de\/tr\/wp-json\/wp\/v2\/pages"}],"about":[{"href":"https:\/\/www.zahnarztpraxisayaydin.de\/tr\/wp-json\/wp\/v2\/types\/page"}],"author":[{"embeddable":true,"href":"https:\/\/www.zahnarztpraxisayaydin.de\/tr\/wp-json\/wp\/v2\/users\/1"}],"replies":[{"embeddable":true,"href":"https:\/\/www.zahnarztpraxisayaydin.de\/tr\/wp-json\/wp\/v2\/comments?post=11"}],"version-history":[{"count":42,"href":"https:\/\/www.zahnarztpraxisayaydin.de\/tr\/wp-json\/wp\/v2\/pages\/11\/revisions"}],"predecessor-version":[{"id":670,"href":"https:\/\/www.zahnarztpraxisayaydin.de\/tr\/wp-json\/wp\/v2\/pages\/11\/revisions\/670"}],"wp:attachment":[{"href":"https:\/\/www.zahnarztpraxisayaydin.de\/tr\/wp-json\/wp\/v2\/media?parent=11"}],"curies":[{"name":"wp","href":"https:\/\/api.w.org\/{rel}","templated":true}]}}