{"id":6,"date":"2014-01-21T09:31:10","date_gmt":"2014-01-21T09:31:10","guid":{"rendered":"http:\/\/www.zahnarztpraxisayaydin.de\/tr\/?page_id=6"},"modified":"2017-02-22T08:47:21","modified_gmt":"2017-02-22T07:47:21","slug":"home","status":"publish","type":"page","link":"https:\/\/www.zahnarztpraxisayaydin.de\/tr\/","title":{"rendered":"Zahnarztpraxis Ayaydin"},"content":{"rendered":"<h2>Sa\u011fl\u0131kl\u0131, g\u00fczel di\u015fler &#8211; bir \u00f6m\u00fcr boyunca<\/h2>\n<h3>Gelene\u011fe \u00f6nem veriyoruz<\/h3>\n<p>Bu ilke alt\u0131nda 01.10.2013 tarihinde ekip olarak birle\u015ftik ve Solingen, D\u00fcsseldorfer Str. 77 adresindeki muayenehaneyi devrald\u0131k. Bu lokasyonun 25 y\u0131ldan uzun bir s\u00fcredir y\u00fcksek kaliteli ve sorumluluk bilincinde bir di\u015f hekimli\u011fini temsil etti\u011fini biliyoruz ve bu gelene\u011fi angajman, yetkinlik ve uzmanl\u0131k bilgisiyle s\u00fcrd\u00fcrece\u011fiz.<\/p>\n<h3>Kaliteye \u00f6nem veriyoruz<\/h3>\n<p>Bunu hem kullan\u0131lan malzeme ve y\u00f6ntemlerde hem de hastalar\u0131m\u0131zla olan i\u015flerimizde g\u00f6rebilirsiniz. Tedavide avantaj sa\u011flayan yeni geli\u015ftirmeleri inceliyoruz ama kendini kan\u0131tlam\u0131\u015f olanlara da g\u00fcveniyoruz. Zengin se\u00e7enekler aras\u0131nda sizin i\u00e7in en uygun olan\u0131n\u0131 bulmak bizim \u015fahsi talebimizdir.<\/p>\n<h3>Esteti\u011fe \u00f6nem veriyoruz<\/h3>\n<p>Sadece g\u00fc\u00e7l\u00fc \u0131s\u0131rma g\u00fcc\u00fcne sahip olmakla kalmay\u0131p ayn\u0131 zamanda bak\u0131ml\u0131 ve estetik g\u00f6r\u00fcnen di\u015fler bizim hedefimizdir. Bunun i\u00e7in do\u011fal di\u015flerin sa\u011fl\u0131\u011f\u0131n\u0131 koruyan profilaktik \u00f6nlemleri kullan\u0131yoruz. Di\u015f tedavisi gerekiyorsa kesinlikle itinal\u0131 ve sorumluluk bilinciyle hareket ediyoruz. Estetik di\u015f hekimli\u011finin \u00e7ok \u00e7e\u015fitli se\u00e7enekleri, di\u015flerinizi profesyonelce kurtarmak i\u00e7in size m\u00fckemmel bir hareket alan\u0131 sunuyor.<br \/>\n<img loading=\"lazy\" decoding=\"async\" class=\"aligncenter pull-center size-full wp-image-134\" title=\"Zahnarztpraxis Ayaydin - Zahnarztpraxis Ayaydin - Ihr kompetenter Zahnarzt in Solingen\" src=\"http:\/\/www.zahnarztpraxisayaydin.de\/tr\/wp-content\/uploads\/zahnarztpraxis-solingen-1.jpg\" alt=\" Zahnarztpraxis Ayaydin in Solingen\" width=\"601\" height=\"238\" srcset=\"https:\/\/www.zahnarztpraxisayaydin.de\/tr\/wp-content\/uploads\/zahnarztpraxis-solingen-1.jpg 601w, https:\/\/www.zahnarztpraxisayaydin.de\/tr\/wp-content\/uploads\/zahnarztpraxis-solingen-1-300x119.jpg 300w\" sizes=\"auto, (max-width: 601px) 100vw, 601px\" \/><\/p>\n<h3><\/h3>\n<h3>Solingen&#8217;de Ayaydin di\u015f muayenehanesi<\/h3>\n<p>Randevu almak veya bir konuda dan\u0131\u015fmak i\u00e7in bize pazartesi ile cuma g\u00fcnleri aras\u0131nda sa\u011fdaki \u00e7al\u0131\u015fma saatlerinde ula\u015fabilirsiniz.<\/p>","protected":false},"excerpt":{"rendered":"<p>Sa\u011fl\u0131kl\u0131, g\u00fczel di\u015fler &#8211; bir \u00f6m\u00fcr boyunca Gelene\u011fe \u00f6nem veriyoruz Bu ilke alt\u0131nda 01.10.2013 tarihinde ekip olarak birle\u015ftik ve Solingen, D\u00fcsseldorfer Str. 77 adresindeki muayenehaneyi devrald\u0131k. Bu lokasyonun 25 y\u0131ldan uzun bir s\u00fcredir y\u00fcksek kaliteli ve sorumluluk bilincinde bir di\u015f hekimli\u011fini temsil etti\u011fini biliyoruz ve bu gelene\u011fi angajman, yetkinlik ve uzmanl\u0131k bilgisiyle s\u00fcrd\u00fcrece\u011fiz. Kaliteye \u00f6nem [&hellip;]<\/p>\n","protected":false},"author":1,"featured_media":0,"parent":0,"menu_order":10,"comment_status":"open","ping_status":"closed","template":"","meta":{"footnotes":""},"class_list":["post-6","page","type-page","status-publish","hentry"],"_links":{"self":[{"href":"https:\/\/www.zahnarztpraxisayaydin.de\/tr\/wp-json\/wp\/v2\/pages\/6","targetHints":{"allow":["GET"]}}],"collection":[{"href":"https:\/\/www.zahnarztpraxisayaydin.de\/tr\/wp-json\/wp\/v2\/pages"}],"about":[{"href":"https:\/\/www.zahnarztpraxisayaydin.de\/tr\/wp-json\/wp\/v2\/types\/page"}],"author":[{"embeddable":true,"href":"https:\/\/www.zahnarztpraxisayaydin.de\/tr\/wp-json\/wp\/v2\/users\/1"}],"replies":[{"embeddable":true,"href":"https:\/\/www.zahnarztpraxisayaydin.de\/tr\/wp-json\/wp\/v2\/comments?post=6"}],"version-history":[{"count":11,"href":"https:\/\/www.zahnarztpraxisayaydin.de\/tr\/wp-json\/wp\/v2\/pages\/6\/revisions"}],"predecessor-version":[{"id":184,"href":"https:\/\/www.zahnarztpraxisayaydin.de\/tr\/wp-json\/wp\/v2\/pages\/6\/revisions\/184"}],"wp:attachment":[{"href":"https:\/\/www.zahnarztpraxisayaydin.de\/tr\/wp-json\/wp\/v2\/media?parent=6"}],"curies":[{"name":"wp","href":"https:\/\/api.w.org\/{rel}","templated":true}]}}