{"id":71,"date":"2016-01-27T11:16:16","date_gmt":"2016-01-27T10:16:16","guid":{"rendered":"http:\/\/www.zahnarztpraxisayaydin.de\/tr\/?page_id=71"},"modified":"2017-02-24T09:40:37","modified_gmt":"2017-02-24T08:40:37","slug":"behandlung-waehrend-der-schwangerschaft","status":"publish","type":"page","link":"https:\/\/www.zahnarztpraxisayaydin.de\/tr\/hizmetler\/behandlung-waehrend-der-schwangerschaft\/","title":{"rendered":"Gebelik d\u00f6neminde tedavi"},"content":{"rendered":"<h2 class=\"western\">Gebelik d\u00f6neminde tedavi<\/h2>\n<p>Gebelik d\u00f6neminde komplikasyonlar\u0131n azalt\u0131lmas\u0131 i\u00e7in daha \u00f6nceden bir kontrol yap\u0131lmas\u0131n\u0131 ve olas\u0131 bir tedavi ihtiyac\u0131n\u0131n tespit edilmesini \u00f6neririz. Gebelik ba\u015flang\u0131c\u0131nda di\u015fin durumu ne kadar iyiyse gerekli bir tedavi riski o kadar d\u00fc\u015f\u00fckt\u00fcr. Burada \u00f6zellikle do\u011fmam\u0131\u015f bebe\u011fi etkilememek i\u00e7in r\u00f6ntgen \u00e7ekimleri ve ila\u00e7larla ilgili tavizler vermek gerekir. Elbette alternatifler mevcuttur, bunlar\u0131 gebelik s\u0131ras\u0131nda sorumlu jinekologla g\u00f6r\u00fc\u015f\u00fcr\u00fcz. Bu t\u00fcr durumlar\u0131 \u00f6nceden engellemek isterseniz gerekli tedavilerde de oldu\u011fu gibi itinal\u0131 i\u015flemlerimizle sizlerin hizmetinizdeyiz.<\/p>\n<p>Gebelikte, \u00f6strojen ve progesteron hormonlar\u0131n\u0131n g\u00fc\u00e7l\u00fc bir \u015fekilde sal\u0131nmas\u0131 ile birlikte hormonal de\u011fi\u015fiklikler di\u015f etine ve periodonsiyuma da etki eder. Gebelik gingivitisi ciddiye al\u0131nmas\u0131 gereken bir konudur, \u00e7\u00fcnk\u00fc \u00f6zellikle bulant\u0131 durumlar\u0131nda a\u011f\u0131z hijyeni s\u0131k\u0131nt\u0131ya girebilmektedir. \u00d6zellikle bu d\u00f6nemde kapsaml\u0131 bir profilaksi \u00f6neriyoruz, bu hususta size de\u011ferli \u00f6neriler vermekten de memnuniyet duyar\u0131z.<\/p>","protected":false},"excerpt":{"rendered":"<p>Gebelik d\u00f6neminde tedavi Gebelik d\u00f6neminde komplikasyonlar\u0131n azalt\u0131lmas\u0131 i\u00e7in daha \u00f6nceden bir kontrol yap\u0131lmas\u0131n\u0131 ve olas\u0131 bir tedavi ihtiyac\u0131n\u0131n tespit edilmesini \u00f6neririz. Gebelik ba\u015flang\u0131c\u0131nda di\u015fin durumu ne kadar iyiyse gerekli bir tedavi riski o kadar d\u00fc\u015f\u00fckt\u00fcr. Burada \u00f6zellikle do\u011fmam\u0131\u015f bebe\u011fi etkilememek i\u00e7in r\u00f6ntgen \u00e7ekimleri ve ila\u00e7larla ilgili tavizler vermek gerekir. Elbette alternatifler mevcuttur, bunlar\u0131 gebelik s\u0131ras\u0131nda [&hellip;]<\/p>\n","protected":false},"author":1,"featured_media":0,"parent":9,"menu_order":10,"comment_status":"closed","ping_status":"closed","template":"","meta":{"footnotes":""},"class_list":["post-71","page","type-page","status-publish","hentry"],"_links":{"self":[{"href":"https:\/\/www.zahnarztpraxisayaydin.de\/tr\/wp-json\/wp\/v2\/pages\/71","targetHints":{"allow":["GET"]}}],"collection":[{"href":"https:\/\/www.zahnarztpraxisayaydin.de\/tr\/wp-json\/wp\/v2\/pages"}],"about":[{"href":"https:\/\/www.zahnarztpraxisayaydin.de\/tr\/wp-json\/wp\/v2\/types\/page"}],"author":[{"embeddable":true,"href":"https:\/\/www.zahnarztpraxisayaydin.de\/tr\/wp-json\/wp\/v2\/users\/1"}],"replies":[{"embeddable":true,"href":"https:\/\/www.zahnarztpraxisayaydin.de\/tr\/wp-json\/wp\/v2\/comments?post=71"}],"version-history":[{"count":3,"href":"https:\/\/www.zahnarztpraxisayaydin.de\/tr\/wp-json\/wp\/v2\/pages\/71\/revisions"}],"predecessor-version":[{"id":196,"href":"https:\/\/www.zahnarztpraxisayaydin.de\/tr\/wp-json\/wp\/v2\/pages\/71\/revisions\/196"}],"up":[{"embeddable":true,"href":"https:\/\/www.zahnarztpraxisayaydin.de\/tr\/wp-json\/wp\/v2\/pages\/9"}],"wp:attachment":[{"href":"https:\/\/www.zahnarztpraxisayaydin.de\/tr\/wp-json\/wp\/v2\/media?parent=71"}],"curies":[{"name":"wp","href":"https:\/\/api.w.org\/{rel}","templated":true}]}}