{"id":76,"date":"2016-01-27T11:18:01","date_gmt":"2016-01-27T10:18:01","guid":{"rendered":"http:\/\/www.zahnarztpraxisayaydin.de\/tr\/?page_id=76"},"modified":"2018-07-05T10:45:20","modified_gmt":"2018-07-05T08:45:20","slug":"individualprophylaxe","status":"publish","type":"page","link":"https:\/\/www.zahnarztpraxisayaydin.de\/tr\/hizmetler\/individualprophylaxe\/","title":{"rendered":"Bireysel profilaksi"},"content":{"rendered":"<h2>Bireysel profilaksi<\/h2>\n<p><a title=\"Zahnarztpraxis Ayaydin - Ihr kompetenter Zahnarzt in Solingen\" href=\"https:\/\/www.zahnarztpraxisayaydin.de\/tr\/wp-content\/uploads\/prophylaxezimmer-zahnarzt-solingen-ayaydin.jpg\" data-lightbox=\"img304_1102226774\" rel=\"lightbox[76]\"><img loading=\"lazy\" decoding=\"async\" class=\"alignright pull-right pull-right size-medium wp-image-304\" title=\"Prophylaxezimmer-Zahnarzt-Solingen-Ayaydin - Zahnarztpraxis Ayaydin - Ihr kompetenter Zahnarzt in Solingen\" src=\"https:\/\/www.zahnarztpraxisayaydin.de\/tr\/wp-content\/uploads\/prophylaxezimmer-zahnarzt-solingen-ayaydin-300x217.jpg\" alt=\"Prophylaxezimmer-Zahnarzt-Solingen-Ayaydin\" width=\"300\" height=\"217\" srcset=\"https:\/\/www.zahnarztpraxisayaydin.de\/tr\/wp-content\/uploads\/prophylaxezimmer-zahnarzt-solingen-ayaydin-300x217.jpg 300w, https:\/\/www.zahnarztpraxisayaydin.de\/tr\/wp-content\/uploads\/prophylaxezimmer-zahnarzt-solingen-ayaydin-1024x739.jpg 1024w, https:\/\/www.zahnarztpraxisayaydin.de\/tr\/wp-content\/uploads\/prophylaxezimmer-zahnarzt-solingen-ayaydin.jpg 1200w\" sizes=\"auto, (max-width: 300px) 100vw, 300px\" \/><\/a>Fiss\u00fcr \u00f6rt\u00fcc\u00fcn\u00fcn etkisi i\u00e7in \u00f6n ko\u015ful te\u015fkil eden itinal\u0131 di\u015f ve a\u011f\u0131z bak\u0131m\u0131 da buna dahildir. Tabii ki ilk b\u00fcy\u00fck kay\u0131plarla da ilgileniyoruz;<br \/>\nBir s\u00fct di\u015fi sallanmaya ba\u015flad\u0131\u011f\u0131nda heyecan gayet b\u00fcy\u00fckt\u00fcr. Ancak burada sakin kalmak ve durumu kendi do\u011fal ak\u0131\u015f\u0131na b\u0131rakmak \u00f6nemlidir. \u00c7ok fazla m\u00fcdahale ederseniz yaralanmalara yol a\u00e7abilirsiniz. Buradaki a\u011fr\u0131 di\u015f hekimine gitme korkusunu b\u00fcy\u00fct\u00fcr ve bu da zor bir durum haline gelebilir. K\u00fc\u00e7\u00fck hastalar\u0131m\u0131zla onlar\u0131n ihtiya\u00e7lar\u0131na uygun bir \u015fekilde ilgileniyoruz ve daima sa\u011fl\u0131kl\u0131 di\u015flere sahip olmalar\u0131 i\u00e7in \u00e7al\u0131\u015f\u0131yoruz.<\/p>","protected":false},"excerpt":{"rendered":"<p>Bireysel profilaksi Fiss\u00fcr \u00f6rt\u00fcc\u00fcn\u00fcn etkisi i\u00e7in \u00f6n ko\u015ful te\u015fkil eden itinal\u0131 di\u015f ve a\u011f\u0131z bak\u0131m\u0131 da buna dahildir. Tabii ki ilk b\u00fcy\u00fck kay\u0131plarla da ilgileniyoruz; Bir s\u00fct di\u015fi sallanmaya ba\u015flad\u0131\u011f\u0131nda heyecan gayet b\u00fcy\u00fckt\u00fcr. Ancak burada sakin kalmak ve durumu kendi do\u011fal ak\u0131\u015f\u0131na b\u0131rakmak \u00f6nemlidir. \u00c7ok fazla m\u00fcdahale ederseniz yaralanmalara yol a\u00e7abilirsiniz. Buradaki a\u011fr\u0131 di\u015f hekimine [&hellip;]<\/p>\n","protected":false},"author":1,"featured_media":0,"parent":9,"menu_order":30,"comment_status":"closed","ping_status":"closed","template":"","meta":{"footnotes":""},"class_list":["post-76","page","type-page","status-publish","hentry"],"_links":{"self":[{"href":"https:\/\/www.zahnarztpraxisayaydin.de\/tr\/wp-json\/wp\/v2\/pages\/76","targetHints":{"allow":["GET"]}}],"collection":[{"href":"https:\/\/www.zahnarztpraxisayaydin.de\/tr\/wp-json\/wp\/v2\/pages"}],"about":[{"href":"https:\/\/www.zahnarztpraxisayaydin.de\/tr\/wp-json\/wp\/v2\/types\/page"}],"author":[{"embeddable":true,"href":"https:\/\/www.zahnarztpraxisayaydin.de\/tr\/wp-json\/wp\/v2\/users\/1"}],"replies":[{"embeddable":true,"href":"https:\/\/www.zahnarztpraxisayaydin.de\/tr\/wp-json\/wp\/v2\/comments?post=76"}],"version-history":[{"count":5,"href":"https:\/\/www.zahnarztpraxisayaydin.de\/tr\/wp-json\/wp\/v2\/pages\/76\/revisions"}],"predecessor-version":[{"id":308,"href":"https:\/\/www.zahnarztpraxisayaydin.de\/tr\/wp-json\/wp\/v2\/pages\/76\/revisions\/308"}],"up":[{"embeddable":true,"href":"https:\/\/www.zahnarztpraxisayaydin.de\/tr\/wp-json\/wp\/v2\/pages\/9"}],"wp:attachment":[{"href":"https:\/\/www.zahnarztpraxisayaydin.de\/tr\/wp-json\/wp\/v2\/media?parent=76"}],"curies":[{"name":"wp","href":"https:\/\/api.w.org\/{rel}","templated":true}]}}