{"id":88,"date":"2016-01-27T11:28:25","date_gmt":"2016-01-27T10:28:25","guid":{"rendered":"http:\/\/www.zahnarztpraxisayaydin.de\/tr\/?page_id=88"},"modified":"2017-02-24T09:48:05","modified_gmt":"2017-02-24T08:48:05","slug":"kiefergelenkserkrankung","status":"publish","type":"page","link":"https:\/\/www.zahnarztpraxisayaydin.de\/tr\/hizmetler\/kiefergelenkserkrankung\/","title":{"rendered":"Gene eklemi"},"content":{"rendered":"<h2>Gene eklemi<\/h2>\n<p>CMD&#8217;nin arkas\u0131nda \u00e7ene ekleminizin \u00e7e\u015fitli i\u015flev bozukluklar\u0131 yatar. Genel olarak alt \u00e7ene ile \u00fcst \u00e7ene aras\u0131nda bir bozulmadan s\u00f6z edilir ve \u00e7ok a\u011fr\u0131l\u0131 oldu\u011fu s\u00f6ylenir. Bunun sonu\u00e7lar\u0131 kesinlikle k\u00fc\u00e7\u00fcmsenmemelidir, \u00e7\u00fcnk\u00fc hatal\u0131 bir \u0131s\u0131rma konumu ve bununla ba\u011flant\u0131l\u0131 \u00e7ene eklemi \u015fikayetleri y\u00fcz ve kafa kaslar\u0131na ve ayr\u0131ca boyun ve omurgaya da etki etmektedir. Di\u015flerin yo\u011fun g\u0131c\u0131rdamas\u0131 veya s\u0131k\u0131lmas\u0131 da ayn\u0131 \u015fikayetlere yol a\u00e7abilir.<\/p>\n<p>Terapi olarak genellikle bireysel \u00fcretilmi\u015f di\u015f telleri \u00f6nerilir ve bunlar fizyoterapi \u00f6nlemleri ve gerekti\u011finde ba\u015fka uzman doktorlar\u0131n kons\u00fcltasyonu ile kombine edilebilir. Bu sayede \u00e7ene eklemlerinin y\u00fck\u00fcn\u00fc alabiliyoruz ve bu da \u0131s\u0131rma konumunun optimizasyonunu sa\u011fl\u0131yor.<\/p>","protected":false},"excerpt":{"rendered":"<p>Gene eklemi CMD&#8217;nin arkas\u0131nda \u00e7ene ekleminizin \u00e7e\u015fitli i\u015flev bozukluklar\u0131 yatar. Genel olarak alt \u00e7ene ile \u00fcst \u00e7ene aras\u0131nda bir bozulmadan s\u00f6z edilir ve \u00e7ok a\u011fr\u0131l\u0131 oldu\u011fu s\u00f6ylenir. Bunun sonu\u00e7lar\u0131 kesinlikle k\u00fc\u00e7\u00fcmsenmemelidir, \u00e7\u00fcnk\u00fc hatal\u0131 bir \u0131s\u0131rma konumu ve bununla ba\u011flant\u0131l\u0131 \u00e7ene eklemi \u015fikayetleri y\u00fcz ve kafa kaslar\u0131na ve ayr\u0131ca boyun ve omurgaya da etki etmektedir. Di\u015flerin [&hellip;]<\/p>\n","protected":false},"author":1,"featured_media":0,"parent":9,"menu_order":0,"comment_status":"closed","ping_status":"closed","template":"","meta":{"footnotes":""},"class_list":["post-88","page","type-page","status-publish","hentry"],"_links":{"self":[{"href":"https:\/\/www.zahnarztpraxisayaydin.de\/tr\/wp-json\/wp\/v2\/pages\/88","targetHints":{"allow":["GET"]}}],"collection":[{"href":"https:\/\/www.zahnarztpraxisayaydin.de\/tr\/wp-json\/wp\/v2\/pages"}],"about":[{"href":"https:\/\/www.zahnarztpraxisayaydin.de\/tr\/wp-json\/wp\/v2\/types\/page"}],"author":[{"embeddable":true,"href":"https:\/\/www.zahnarztpraxisayaydin.de\/tr\/wp-json\/wp\/v2\/users\/1"}],"replies":[{"embeddable":true,"href":"https:\/\/www.zahnarztpraxisayaydin.de\/tr\/wp-json\/wp\/v2\/comments?post=88"}],"version-history":[{"count":2,"href":"https:\/\/www.zahnarztpraxisayaydin.de\/tr\/wp-json\/wp\/v2\/pages\/88\/revisions"}],"predecessor-version":[{"id":204,"href":"https:\/\/www.zahnarztpraxisayaydin.de\/tr\/wp-json\/wp\/v2\/pages\/88\/revisions\/204"}],"up":[{"embeddable":true,"href":"https:\/\/www.zahnarztpraxisayaydin.de\/tr\/wp-json\/wp\/v2\/pages\/9"}],"wp:attachment":[{"href":"https:\/\/www.zahnarztpraxisayaydin.de\/tr\/wp-json\/wp\/v2\/media?parent=88"}],"curies":[{"name":"wp","href":"https:\/\/api.w.org\/{rel}","templated":true}]}}